{"id":78,"date":"2018-09-09T06:01:02","date_gmt":"2018-09-09T06:01:02","guid":{"rendered":"https:\/\/persovintiu.com\/?page_id=78"},"modified":"2023-07-17T10:45:01","modified_gmt":"2023-07-17T10:45:01","slug":"about","status":"publish","type":"page","link":"https:\/\/persovintiu.com\/ca\/about\/","title":{"rendered":"Sobre nosaltres"},"content":{"rendered":"<div data-elementor-type=\"wp-post\" data-elementor-id=\"78\" class=\"elementor elementor-78\">\n\t\t\t\t\t\t<div class=\"elementor-inner\">\n\t\t\t\t<div class=\"elementor-section-wrap\">\n\t\t\t\t\t\t\t\t\t<section class=\"elementor-section elementor-top-section elementor-element elementor-element-27bf70f7 elementor-section-height-min-height elementor-section-items-bottom elementor-section-boxed elementor-section-height-default\" data-id=\"27bf70f7\" data-element_type=\"section\" data-settings=\"{&quot;background_background&quot;:&quot;classic&quot;}\">\n\t\t\t\t\t\t<div class=\"elementor-container elementor-column-gap-default\">\n\t\t\t\t\t\t\t<div class=\"elementor-row\">\n\t\t\t\t\t<div class=\"aux-parallax-section elementor-column elementor-col-100 elementor-top-column elementor-element elementor-element-3c624230 aux-appear-watch-animation aux-fade-in-up\" data-id=\"3c624230\" data-element_type=\"column\" data-settings=\"{&quot;background_background&quot;:&quot;classic&quot;}\">\n\t\t\t<div class=\"elementor-column-wrap elementor-element-populated\">\n\t\t\t\t\t\t\t<div class=\"elementor-widget-wrap\">\n\t\t\t\t\t\t<div class=\"elementor-element elementor-element-282146da elementor-widget elementor-widget-aux_modern_heading\" data-id=\"282146da\" data-element_type=\"widget\" data-widget_type=\"aux_modern_heading.default\">\n\t\t\t\t<div class=\"elementor-widget-container\">\n\t\t\t<section class=\"aux-widget-modern-heading\">\n            <div class=\"aux-widget-inner\"><h3 class=\"aux-modern-heading-primary\">SOBRE NOSALTRES\n\n<\/h3><div class=\"aux-modern-heading-divider\"><\/div><\/div>\n        <\/section>\t\t<\/div>\n\t\t\t\t<\/div>\n\t\t\t\t\t\t<\/div>\n\t\t\t\t\t<\/div>\n\t\t<\/div>\n\t\t\t\t\t\t\t\t<\/div>\n\t\t\t\t\t<\/div>\n\t\t<\/section>\n\t\t\t\t<section class=\"elementor-section elementor-top-section elementor-element elementor-element-25d689e3 elementor-section-content-middle elementor-section-boxed elementor-section-height-default elementor-section-height-default\" data-id=\"25d689e3\" data-element_type=\"section\">\n\t\t\t\t\t\t<div class=\"elementor-container elementor-column-gap-wide\">\n\t\t\t\t\t\t\t<div class=\"elementor-row\">\n\t\t\t\t\t<div class=\"aux-parallax-section elementor-column elementor-col-50 elementor-top-column elementor-element elementor-element-42484353\" data-id=\"42484353\" data-element_type=\"column\">\n\t\t\t<div class=\"elementor-column-wrap elementor-element-populated\">\n\t\t\t\t\t\t\t<div class=\"elementor-widget-wrap\">\n\t\t\t\t\t\t<div class=\"elementor-element elementor-element-7825ae9b aux-appear-watch-animation aux-fade-in-right elementor-widget elementor-widget-aux_modern_heading\" data-id=\"7825ae9b\" data-element_type=\"widget\" data-widget_type=\"aux_modern_heading.default\">\n\t\t\t\t<div class=\"elementor-widget-container\">\n\t\t\t<section class=\"aux-widget-modern-heading\">\n            <div class=\"aux-widget-inner\"><h4 class=\"aux-modern-heading-primary\">SOBRE NOSALTRES\n\n<\/h4><div class=\"aux-modern-heading-divider\"><\/div><h3 class=\"aux-modern-heading-secondary\"><span class=\"aux-head-before\"> Els nostres productes de qualitat<\/span><\/h3><div class=\"aux-modern-heading-description\"><p>Benvinguts a Vintiu, empresa l\u00edder en personalitzaci\u00f3 de roba. Ens enorgulleix oferir una \u00e0mplia gamma d'opcions per personalitzar la roba amb el seu estil i disseny \u00fanic.<\/p><p>A Vintiu, sabem que la roba \u00e9s una forma d'expressi\u00f3 personal, i per aix\u00f2 ens assegurem que cada pe\u00e7a personalitzada sigui \u00fanica i reflecteixi la seva personalitat i estil. Oferim diferents t\u00e8cniques de personalitzaci\u00f3 com brodats, serigrafia, impressi\u00f3 digital, entre d'altres, perqu\u00e8 tingui la llibertat d'escollir el m\u00e8tode que millor s'adapti a les vostres necessitats.<\/p><p>Treballem amb una \u00e0mplia varietat de productes d'alta qualitat, des de samarretes i dessuadores fins a bosses i gorres. A m\u00e9s, oferim opcions de personalitzaci\u00f3 per a empreses, esdeveniments i organitzacions, cosa que significa que podem ajudar-lo a crear la seva pr\u00f2pia marca i donar-li visibilitat al mercat.<\/p><p>El nostre equip d'experts en disseny i producci\u00f3 treballa per garantir que cada pe\u00e7a personalitzada sigui perfecta i compleixi les seves expectatives. A m\u00e9s, ens assegurem que el proc\u00e9s sigui r\u00e0pid i eficient, perqu\u00e8 pugui rebre la comanda com m\u00e9s aviat millor.<\/p><\/div><\/div>\n        <\/section>\t\t<\/div>\n\t\t\t\t<\/div>\n\t\t\t\t<div class=\"elementor-element elementor-element-fb0d6e5 elementor-widget elementor-widget-aux_modern_button\" data-id=\"fb0d6e5\" data-element_type=\"widget\" data-widget_type=\"aux_modern_button.default\">\n\t\t\t\t<div class=\"elementor-widget-container\">\n\t\t\t    <div class=\"aux-modern-button-wrapper aux-modern-button-align-left\" >\n                    <a class=\"aux-modern-button aux-black aux-modern-button-md aux-modern-button-normal aux-modern-button-default aux-icon-\">\n                <div class=\"aux-overlay\"><\/div>\n                                    <div class=\"aux-icon\">\n                                            <\/div>\n                                <div class=\"aux-text\">\n<span class=\"aux-text-before\">M\u00c9S INFORMACI\u00d3<\/span>                <\/div>\n            <\/a>\n            \n    <\/div>\n\n    \t\t<\/div>\n\t\t\t\t<\/div>\n\t\t\t\t\t\t<\/div>\n\t\t\t\t\t<\/div>\n\t\t<\/div>\n\t\t\t\t<div class=\"aux-parallax-section elementor-column elementor-col-50 elementor-top-column elementor-element elementor-element-da441f7 aux-appear-watch-animation aux-mask-from-left\" data-id=\"da441f7\" data-element_type=\"column\">\n\t\t\t<div class=\"elementor-column-wrap elementor-element-populated\">\n\t\t\t\t\t\t\t<div class=\"elementor-widget-wrap\">\n\t\t\t\t\t\t<div class=\"elementor-element elementor-element-7d38c81 elementor-widget elementor-widget-image\" data-id=\"7d38c81\" data-element_type=\"widget\" data-widget_type=\"image.default\">\n\t\t\t\t<div class=\"elementor-widget-container\">\n\t\t\t\t\t\t\t\t<div class=\"elementor-image\">\n\t\t\t\t\t\t\t\t\t\t\t\t<img loading=\"lazy\" decoding=\"async\" width=\"1000\" height=\"667\" src=\"https:\/\/persovintiu.com\/wp-content\/uploads\/2023\/04\/mujer-bonita-camiseta.jpg\" class=\"attachment-large size-large wp-image-119\" alt=\"\" srcset=\"https:\/\/persovintiu.com\/wp-content\/uploads\/2023\/04\/mujer-bonita-camiseta.jpg 1000w, https:\/\/persovintiu.com\/wp-content\/uploads\/2023\/04\/mujer-bonita-camiseta-600x400.jpg 600w\" sizes=\"auto, (max-width: 1000px) 100vw, 1000px\" \/>\t\t\t\t\t\t\t\t\t\t\t\t\t\t<\/div>\n\t\t\t\t\t\t<\/div>\n\t\t\t\t<\/div>\n\t\t\t\t\t\t<\/div>\n\t\t\t\t\t<\/div>\n\t\t<\/div>\n\t\t\t\t\t\t\t\t<\/div>\n\t\t\t\t\t<\/div>\n\t\t<\/section>\n\t\t\t\t<section class=\"elementor-section elementor-top-section elementor-element elementor-element-2333e42d elementor-section-full_width elementor-section-height-default elementor-section-height-default\" data-id=\"2333e42d\" data-element_type=\"section\">\n\t\t\t\t\t\t<div class=\"elementor-container elementor-column-gap-default\">\n\t\t\t\t\t\t\t<div class=\"elementor-row\">\n\t\t\t\t\t<div class=\"aux-parallax-section elementor-column elementor-col-100 elementor-top-column elementor-element elementor-element-75a5f061 aux-appear-watch-animation aux-mask-from-top\" data-id=\"75a5f061\" data-element_type=\"column\">\n\t\t\t<div class=\"elementor-column-wrap elementor-element-populated\">\n\t\t\t\t\t\t\t<div class=\"elementor-widget-wrap\">\n\t\t\t\t\t\t<div class=\"elementor-element elementor-element-8cbbbb1 elementor-widget elementor-widget-image\" data-id=\"8cbbbb1\" data-element_type=\"widget\" data-widget_type=\"image.default\">\n\t\t\t\t<div class=\"elementor-widget-container\">\n\t\t\t\t\t\t\t\t<div class=\"elementor-image\">\n\t\t\t\t\t\t\t\t\t\t\t\t<img loading=\"lazy\" decoding=\"async\" width=\"1900\" height=\"1319\" src=\"https:\/\/persovintiu.com\/wp-content\/uploads\/2023\/07\/Diseno-sin-titulo-1-1.jpg\" class=\"attachment-full size-full wp-image-253\" alt=\"\" srcset=\"https:\/\/persovintiu.com\/wp-content\/uploads\/2023\/07\/Diseno-sin-titulo-1-1.jpg 1900w, https:\/\/persovintiu.com\/wp-content\/uploads\/2023\/07\/Diseno-sin-titulo-1-1-1536x1066.jpg 1536w, https:\/\/persovintiu.com\/wp-content\/uploads\/2023\/07\/Diseno-sin-titulo-1-1-18x12.jpg 18w, https:\/\/persovintiu.com\/wp-content\/uploads\/2023\/07\/Diseno-sin-titulo-1-1-600x417.jpg 600w\" sizes=\"auto, (max-width: 1900px) 100vw, 1900px\" \/>\t\t\t\t\t\t\t\t\t\t\t\t\t\t<\/div>\n\t\t\t\t\t\t<\/div>\n\t\t\t\t<\/div>\n\t\t\t\t\t\t<\/div>\n\t\t\t\t\t<\/div>\n\t\t<\/div>\n\t\t\t\t\t\t\t\t<\/div>\n\t\t\t\t\t<\/div>\n\t\t<\/section>\n\t\t\t\t\t\t\t\t\t<\/div>\n\t\t\t<\/div>\n\t\t\t\t\t<\/div>","protected":false},"excerpt":{"rendered":"<p>SOBRE NOSOTROS SOBRE NOSOTROS Nuestros productos de calidad Bienvenidos a Vintiu, la empresa l\u00edder en personalizaci\u00f3n de ropa. Nos enorgullece ofrecer una amplia gama de opciones para personalizar su ropa con su estilo y dise\u00f1o \u00fanico. En Vintiu, sabemos que la ropa es una forma de expresi\u00f3n personal, y por eso, nos aseguramos de que [&hellip;]<\/p>","protected":false},"author":1,"featured_media":0,"parent":0,"menu_order":0,"comment_status":"closed","ping_status":"closed","template":"templates\/page-builder-content.php","meta":{"footnotes":""},"class_list":["post-78","page","type-page","status-publish","hentry"],"_links":{"self":[{"href":"https:\/\/persovintiu.com\/ca\/wp-json\/wp\/v2\/pages\/78","targetHints":{"allow":["GET"]}}],"collection":[{"href":"https:\/\/persovintiu.com\/ca\/wp-json\/wp\/v2\/pages"}],"about":[{"href":"https:\/\/persovintiu.com\/ca\/wp-json\/wp\/v2\/types\/page"}],"author":[{"embeddable":true,"href":"https:\/\/persovintiu.com\/ca\/wp-json\/wp\/v2\/users\/1"}],"replies":[{"embeddable":true,"href":"https:\/\/persovintiu.com\/ca\/wp-json\/wp\/v2\/comments?post=78"}],"version-history":[{"count":13,"href":"https:\/\/persovintiu.com\/ca\/wp-json\/wp\/v2\/pages\/78\/revisions"}],"predecessor-version":[{"id":256,"href":"https:\/\/persovintiu.com\/ca\/wp-json\/wp\/v2\/pages\/78\/revisions\/256"}],"wp:attachment":[{"href":"https:\/\/persovintiu.com\/ca\/wp-json\/wp\/v2\/media?parent=78"}],"curies":[{"name":"wp","href":"https:\/\/api.w.org\/{rel}","templated":true}]}}