{"id":76,"date":"2018-09-09T06:02:15","date_gmt":"2018-09-09T06:02:15","guid":{"rendered":"https:\/\/persovintiu.com\/?page_id=76"},"modified":"2024-07-29T10:38:05","modified_gmt":"2024-07-29T10:38:05","slug":"home","status":"publish","type":"page","link":"https:\/\/persovintiu.com\/ca\/","title":{"rendered":"HOME"},"content":{"rendered":"<div data-elementor-type=\"wp-post\" data-elementor-id=\"76\" class=\"elementor elementor-76\">\n\t\t\t\t\t\t<div class=\"elementor-inner\">\n\t\t\t\t<div class=\"elementor-section-wrap\">\n\t\t\t\t\t\t\t\t\t<section class=\"elementor-section elementor-top-section elementor-element elementor-element-5610708b elementor-section-boxed elementor-section-height-default elementor-section-height-default\" data-id=\"5610708b\" data-element_type=\"section\">\n\t\t\t\t\t\t<div class=\"elementor-container elementor-column-gap-extended\">\n\t\t\t\t\t\t\t<div class=\"elementor-row\">\n\t\t\t\t\t<div class=\"aux-parallax-section elementor-column elementor-col-100 elementor-top-column elementor-element elementor-element-2c6473b3\" data-id=\"2c6473b3\" data-element_type=\"column\">\n\t\t\t<div class=\"elementor-column-wrap elementor-element-populated\">\n\t\t\t\t\t\t\t<div class=\"elementor-widget-wrap\">\n\t\t\t\t\t\t<div class=\"elementor-element elementor-element-6346a03f aux-appear-watch-animation aux-scale-down-1 elementor-widget elementor-widget-aux_masterslider\" data-id=\"6346a03f\" data-element_type=\"widget\" data-widget_type=\"aux_masterslider.default\">\n\t\t\t\t<div class=\"elementor-widget-container\">\n\t\t\t\n\t\t<!-- MasterSlider -->\n\t\t<div id=\"P_MS69e2575a56a68\" class=\"master-slider-parent ms-parent-id-1\" style=\"max-width:1600px;\" >\n\n\t\t\t\n\t\t\t<!-- MasterSlider Main -->\n\t\t\t<div id=\"MS69e2575a56a68\" class=\"master-slider ms-skin-default\" >\n\t\t\t\t \t\t\t\t \n<div class=\"ms-overlay-layers\">\t\t\t\t\t<img decoding=\"async\"  class=\"ms-layer\" src=\"https:\/\/persovintiu.com\/wp-content\/plugins\/masterslider\/public\/assets\/css\/blank.gif\" data-src=\"https:\/\/persovintiu.com\/wp-content\/uploads\/2018\/09\/\ue475@2x.png\" alt=\"\" style=\"width:23px;height:24px;\"     data-ease=\"easeOutQuint\"        data-type=\"image\"       data-action=\"next\"   data-offset-x=\"1461\" data-offset-y=\"803\" data-origin=\"tl\"  \/>\n\n\t\t\t\t\t<img decoding=\"async\"  class=\"ms-layer\" src=\"https:\/\/persovintiu.com\/wp-content\/plugins\/masterslider\/public\/assets\/css\/blank.gif\" data-src=\"https:\/\/persovintiu.com\/wp-content\/uploads\/2018\/09\/Line-37@2x.png\" alt=\"\" style=\"width:1px;height:24px;\"     data-ease=\"easeOutQuint\"        data-type=\"image\"          data-offset-x=\"1453\" data-offset-y=\"804\" data-origin=\"tl\"  \/>\n\n\t\t\t\t\t<img decoding=\"async\"  class=\"ms-layer\" src=\"https:\/\/persovintiu.com\/wp-content\/plugins\/masterslider\/public\/assets\/css\/blank.gif\" data-src=\"https:\/\/persovintiu.com\/wp-content\/uploads\/2018\/09\/\ue472@2x.png\" alt=\"\" style=\"width:23px;height:24px;\"     data-ease=\"easeOutQuint\"        data-type=\"image\"       data-action=\"previous\"   data-offset-x=\"1424\" data-offset-y=\"803\" data-origin=\"tl\"  \/>\n\n\t\t\t\t\t<div  class=\"ms-layer aux-shop-furn-slider-currentslide msp-cn-1-8\" style=\"\"      data-ease=\"easeOutQuint\"                data-offset-x=\"1360\" data-offset-y=\"806\" data-origin=\"tl\"   >\n1<\/div>\n\n\t\t\t\t\t<div  class=\"ms-layer  msp-cn-1-9\" style=\"\"      data-ease=\"easeOutQuint\"                data-offset-x=\"1377\" data-offset-y=\"806\" data-origin=\"tl\"   >\n-<\/div>\n\n\t\t\t\t\t<div  class=\"ms-layer aux-shop-furn-slider-totalslides msp-cn-1-7\" style=\"\"      data-ease=\"easeOutQuint\"                data-offset-x=\"1393\" data-offset-y=\"806\" data-origin=\"tl\"   >\n3<\/div>\n\n<\/div>\n\t\t\t<div  class=\"ms-slide\" data-delay=\"3\" data-fill-mode=\"fill\"   >\n\t\t\t\t\t<img decoding=\"async\" src=\"https:\/\/persovintiu.com\/wp-content\/plugins\/masterslider\/public\/assets\/css\/blank.gif\" alt=\"\" title=\"header shop@2x\" data-src=\"https:\/\/persovintiu.com\/wp-content\/uploads\/2023\/04\/hermosa-modelo-adolescente-rubia-linda-maquillaje-ropa-blanca-hipster-verano-patin-rosa-centavo-posando-fondo-calle.jpg\" \/>\n\n\t\t\t\t\t<div  class=\"ms-layer aux-shop-furn-slider-subtitle msp-cn-1-1\" style=\"\"   data-effect=\"t(true,n,-30,n,n,n,n,n,n,n,n,n,n,n,n)\" data-duration=\"1800\" data-delay=\"800\" data-ease=\"easeOutQuint\"         data-resize=\"false\"       data-offset-x=\"125\" data-offset-y=\"518\" data-origin=\"tl\"   >\n#ARTICLES_PERSONALITZATS<\/div>\n\n\t\t\t\t\t<div  class=\"ms-layer aux-shop-furn-slider-title msp-cn-1-2\" style=\"\"   data-effect=\"t(true,n,20,n,n,n,n,n,1.2,1.2,n,n,n,n,n)\" data-duration=\"2000\"  data-ease=\"easeInOutQuart\"         data-resize=\"false\"       data-offset-x=\"120\" data-offset-y=\"557\" data-origin=\"tl\"   >\n<strong>BOTIGA DE ROBA I ARTICLES<\/strong><br \/>PERSONALITZATS A SANT CELONI<\/div>\n\n\t\t\t\t\t<a  href=\"https:\/\/persovintiu.com\/ca\/home-product\/\" target=\"_self\" class=\"ms-layer aux-shop-furn-slider-button msp-cn-1-3 ms-btn ms-btn-box ms-btn-n msp-preset-btn-84\"   data-delay=\"2000\" data-ease=\"easeOutQuint\"        data-type=\"button\" data-resize=\"false\"       data-offset-x=\"125\" data-offset-y=\"735\" data-origin=\"tl\"     >\nCOMPRAR ARA<\/a>\n\n\n\t\t\t\t<\/div>\n\n\t\t\t<\/div>\n\t\t\t<!-- END MasterSlider Main -->\n\n\t\t\t \n\t\t<\/div>\n\t\t<!-- END MasterSlider -->\n\n\t\t<script>\n\t\t( window.MSReady = window.MSReady || [] ).push( function( $ ) {\n\n\t\t\t\"use strict\";\n\t\t\tvar masterslider_6a68 = new MasterSlider();\n\n\t\t\t\/\/ slider controls\n\t\t\t\/\/ slider setup\n\t\t\tmasterslider_6a68.setup(\"MS69e2575a56a68\", {\n\t\t\t\twidth           : 1600,\n\t\t\t\theight          : 900,\n\t\t\t\tminHeight       : 0,\n\t\t\t\tspace           : 0,\n\t\t\t\tstart           : 1,\n\t\t\t\tgrabCursor      : true,\n\t\t\t\tswipe           : true,\n\t\t\t\tmouse           : true,\n\t\t\t\tkeyboard        : false,\n\t\t\t\tlayout          : \"boxed\",\n\t\t\t\twheel           : false,\n\t\t\t\tautoplay        : false,\n                instantStartLayers:true,\n\t\t\t\tmobileBGVideo:false,\n\t\t\t\tloop            : false,\n\t\t\t\tshuffle         : false,\n\t\t\t\tpreload         : 0,\n\t\t\t\theightLimit     : true,\n\t\t\t\tautoHeight      : false,\n\t\t\t\tsmoothHeight    : true,\n\t\t\t\tendPause        : false,\n\t\t\t\toverPause       : true,\n\t\t\t\tfillMode        : \"fill\",\n\t\t\t\tcenterControls  : true,\n\t\t\t\tstartOnAppear   : false,\n\t\t\t\tlayersMode      : \"center\",\n\t\t\t\tautofillTarget  : \"\",\n\t\t\t\thideLayers      : false,\n\t\t\t\tfullscreenMargin: 0,\n\t\t\t\tspeed           : 20,\n\t\t\t\tdir             : \"h\",\n\t\t\t\tresponsive      : true,\n\t\t\t\ttabletWidth     : 768,\n\t\t\t\ttabletHeight    : null,\n\t\t\t\tphoneWidth      : 480,\n\t\t\t\tphoneHeight    : null,\n\t\t\t\tsizingReference : window,\n\t\t\t\tparallaxMode    : 'swipe',\n\t\t\t\tview            : \"basic\"\n\t\t\t});\n\n\t\t\tmasterslider_6a68.api.addEventListener(MSSliderEvent.INIT, function(event){\n  var api = event.target,\n      totalSlides = api.view.slidesCount,\n  \t  $totalSlides = document.querySelector('.aux-shop-furn-slider-totalslides');\n  \n  $totalSlides.innerHTML = totalSlides;\n} );\nmasterslider_6a68.api.addEventListener(MSSliderEvent.CHANGE_START, function(event){\n  var api = event.target,\n      currentSlideIndex = api.currentSlide.index + 1,\n      $currentSlide = document.querySelector('.aux-shop-furn-slider-currentslide');\n  \n  $currentSlide.innerHTML = currentSlideIndex;\n} );\n\n\t\t\twindow.masterslider_instances = window.masterslider_instances || [];\n\t\t\twindow.masterslider_instances.push( masterslider_6a68 );\n\t\t});\n\t\t<\/script>\n\n\t\t<\/div>\n\t\t\t\t<\/div>\n\t\t\t\t\t\t<\/div>\n\t\t\t\t\t<\/div>\n\t\t<\/div>\n\t\t\t\t\t\t\t\t<\/div>\n\t\t\t\t\t<\/div>\n\t\t<\/section>\n\t\t\t\t<section class=\"elementor-section elementor-top-section elementor-element elementor-element-3556a18 elementor-section-boxed elementor-section-height-default elementor-section-height-default\" data-id=\"3556a18\" data-element_type=\"section\">\n\t\t\t\t\t\t<div class=\"elementor-container elementor-column-gap-no\">\n\t\t\t\t\t\t\t<div class=\"elementor-row\">\n\t\t\t\t\t<div class=\"aux-parallax-section elementor-column elementor-col-100 elementor-top-column elementor-element elementor-element-3e48ce16 aux-appear-watch-animation aux-fade-in-up\" data-id=\"3e48ce16\" data-element_type=\"column\">\n\t\t\t<div class=\"elementor-column-wrap elementor-element-populated\">\n\t\t\t\t\t\t\t<div class=\"elementor-widget-wrap\">\n\t\t\t\t\t\t<div class=\"elementor-element elementor-element-8d59bd9 elementor-widget elementor-widget-aux_modern_heading\" data-id=\"8d59bd9\" data-element_type=\"widget\" data-widget_type=\"aux_modern_heading.default\">\n\t\t\t\t<div class=\"elementor-widget-container\">\n\t\t\t<section class=\"aux-widget-modern-heading\">\n            <div class=\"aux-widget-inner\"><h2 class=\"aux-modern-heading-primary\">NOVETATS\n\n<\/h2><div class=\"aux-modern-heading-divider\"><\/div><h3 class=\"aux-modern-heading-secondary\"><span class=\"aux-head-before\">Idees intel\u00b7ligents i \u00faniques<\/span><\/h3><\/div>\n        <\/section>\t\t<\/div>\n\t\t\t\t<\/div>\n\t\t\t\t<div class=\"elementor-element elementor-element-6976c8a elementor-widget elementor-widget-aux_modern_button\" data-id=\"6976c8a\" data-element_type=\"widget\" data-widget_type=\"aux_modern_button.default\">\n\t\t\t\t<div class=\"elementor-widget-container\">\n\t\t\t    <div class=\"aux-modern-button-wrapper aux-modern-button-align-center\" >\n                    <a class=\"aux-modern-button aux-black aux-modern-button-md aux-modern-button-normal aux-modern-button-default aux-icon-\" href=\"https:\/\/persovintiu.com\/ca\/home-product\/\">\n                <div class=\"aux-overlay\"><\/div>\n                                    <div class=\"aux-icon\">\n                                            <\/div>\n                                <div class=\"aux-text\">\n<span class=\"aux-text-before\">VEURE TOTS ELS PRODUCTES<\/span>                <\/div>\n            <\/a>\n            \n    <\/div>\n\n    \t\t<\/div>\n\t\t\t\t<\/div>\n\t\t\t\t\t\t<\/div>\n\t\t\t\t\t<\/div>\n\t\t<\/div>\n\t\t\t\t\t\t\t\t<\/div>\n\t\t\t\t\t<\/div>\n\t\t<\/section>\n\t\t\t\t<section class=\"elementor-section elementor-top-section elementor-element elementor-element-61a7f5b7 aux-appear-watch-animation aux-mask-from-top elementor-section-boxed elementor-section-height-default elementor-section-height-default\" data-id=\"61a7f5b7\" data-element_type=\"section\" data-settings=\"{&quot;background_background&quot;:&quot;classic&quot;}\">\n\t\t\t\t\t\t<div class=\"elementor-container elementor-column-gap-extended\">\n\t\t\t\t\t\t\t<div class=\"elementor-row\">\n\t\t\t\t\t<div class=\"aux-parallax-section elementor-column elementor-col-50 elementor-top-column elementor-element elementor-element-669c0a58 aux-appear-watch-animation aux-fade-in-up\" data-id=\"669c0a58\" data-element_type=\"column\" data-settings=\"{&quot;background_background&quot;:&quot;classic&quot;}\">\n\t\t\t<div class=\"elementor-column-wrap elementor-element-populated\">\n\t\t\t\t\t\t\t<div class=\"elementor-widget-wrap\">\n\t\t\t\t\t\t<div class=\"elementor-element elementor-element-6ffd75b5 elementor-widget elementor-widget-aux_modern_heading\" data-id=\"6ffd75b5\" data-element_type=\"widget\" data-widget_type=\"aux_modern_heading.default\">\n\t\t\t\t<div class=\"elementor-widget-container\">\n\t\t\t<section class=\"aux-widget-modern-heading\">\n            <div class=\"aux-widget-inner\"><h2 class=\"aux-modern-heading-primary\">PRODUCTES PERSONALITZATS\n<\/h2><div class=\"aux-modern-heading-divider\"><\/div><h3 class=\"aux-modern-heading-secondary\"><span class=\"aux-head-before\">CONSULTEU-NOS<\/span><\/h3><div class=\"aux-modern-heading-description\"><p><span>Necessita roba laboral? Passa't per VINTIU<\/span><br \/><span>Necessites personalitzar una samarreta amb el logotip del teu club?\u00a0<\/span><br \/><span>Necessites fer un regalet?\u00a0<\/span><br \/><span>VINTIU, la teva botiga de proximitat.<\/span><\/p><\/div><\/div>\n        <\/section>\t\t<\/div>\n\t\t\t\t<\/div>\n\t\t\t\t\t\t<\/div>\n\t\t\t\t\t<\/div>\n\t\t<\/div>\n\t\t\t\t<div class=\"aux-parallax-section elementor-column elementor-col-50 elementor-top-column elementor-element elementor-element-1c61e968\" data-id=\"1c61e968\" data-element_type=\"column\">\n\t\t\t<div class=\"elementor-column-wrap\">\n\t\t\t\t\t\t\t<div class=\"elementor-widget-wrap\">\n\t\t\t\t\t\t\t\t<\/div>\n\t\t\t\t\t<\/div>\n\t\t<\/div>\n\t\t\t\t\t\t\t\t<\/div>\n\t\t\t\t\t<\/div>\n\t\t<\/section>\n\t\t\t\t<section class=\"elementor-section elementor-top-section elementor-element elementor-element-39132afd elementor-section-boxed elementor-section-height-default elementor-section-height-default\" data-id=\"39132afd\" data-element_type=\"section\" data-settings=\"{&quot;background_background&quot;:&quot;classic&quot;}\">\n\t\t\t\t\t\t<div class=\"elementor-container elementor-column-gap-default\">\n\t\t\t\t\t\t\t<div class=\"elementor-row\">\n\t\t\t\t\t<div class=\"aux-parallax-section elementor-column elementor-col-100 elementor-top-column elementor-element elementor-element-2a3312e9\" data-id=\"2a3312e9\" data-element_type=\"column\">\n\t\t\t<div class=\"elementor-column-wrap elementor-element-populated\">\n\t\t\t\t\t\t\t<div class=\"elementor-widget-wrap\">\n\t\t\t\t\t\t<div class=\"elementor-element elementor-element-d5da11e aux-appear-watch-animation aux-fade-in-up elementor-widget elementor-widget-aux_modern_heading\" data-id=\"d5da11e\" data-element_type=\"widget\" data-widget_type=\"aux_modern_heading.default\">\n\t\t\t\t<div class=\"elementor-widget-container\">\n\t\t\t<section class=\"aux-widget-modern-heading\">\n            <div class=\"aux-widget-inner\"><h2 class=\"aux-modern-heading-primary\">Segueix-nos a Instagram @vintiu\n\n<\/h2><\/div>\n        <\/section>\t\t<\/div>\n\t\t\t\t<\/div>\n\t\t\t\t<section class=\"elementor-section elementor-inner-section elementor-element elementor-element-252453d1 elementor-section-boxed elementor-section-height-default elementor-section-height-default\" data-id=\"252453d1\" data-element_type=\"section\">\n\t\t\t\t\t\t<div class=\"elementor-container elementor-column-gap-extended\">\n\t\t\t\t\t\t\t<div class=\"elementor-row\">\n\t\t\t\t\t<div class=\"aux-parallax-section elementor-column elementor-col-33 elementor-inner-column elementor-element elementor-element-29dc777 aux-appear-watch-animation aux-fade-in-right-1\" data-id=\"29dc777\" data-element_type=\"column\">\n\t\t\t<div class=\"elementor-column-wrap elementor-element-populated\">\n\t\t\t\t\t\t\t<div class=\"elementor-widget-wrap\">\n\t\t\t\t\t\t<div class=\"elementor-element elementor-element-7bd7097d elementor-widget elementor-widget-aux_modern_heading\" data-id=\"7bd7097d\" data-element_type=\"widget\" data-widget_type=\"aux_modern_heading.default\">\n\t\t\t\t<div class=\"elementor-widget-container\">\n\t\t\t<section class=\"aux-widget-modern-heading\">\n            <div class=\"aux-widget-inner\"><h2 class=\"aux-modern-heading-primary\">MILLOR OFERTA EN L\u00cdNIA<\/h2><div class=\"aux-modern-heading-description\">Pressupost i assessoria gratu\u00efta<\/div><\/div>\n        <\/section>\t\t<\/div>\n\t\t\t\t<\/div>\n\t\t\t\t\t\t<\/div>\n\t\t\t\t\t<\/div>\n\t\t<\/div>\n\t\t\t\t<div class=\"aux-parallax-section elementor-column elementor-col-33 elementor-inner-column elementor-element elementor-element-34134f88 aux-appear-watch-animation aux-fade-in-right-1\" data-id=\"34134f88\" data-element_type=\"column\">\n\t\t\t<div class=\"elementor-column-wrap elementor-element-populated\">\n\t\t\t\t\t\t\t<div class=\"elementor-widget-wrap\">\n\t\t\t\t\t\t<div class=\"elementor-element elementor-element-57430458 elementor-widget elementor-widget-aux_modern_heading\" data-id=\"57430458\" data-element_type=\"widget\" data-widget_type=\"aux_modern_heading.default\">\n\t\t\t\t<div class=\"elementor-widget-container\">\n\t\t\t<section class=\"aux-widget-modern-heading\">\n            <div class=\"aux-widget-inner\"><h2 class=\"aux-modern-heading-primary\">ENVIAMENT GRATIS\n\n<\/h2><div class=\"aux-modern-heading-description\"><p>T'enviem la teva comanda en 48h<\/p><\/div><\/div>\n        <\/section>\t\t<\/div>\n\t\t\t\t<\/div>\n\t\t\t\t\t\t<\/div>\n\t\t\t\t\t<\/div>\n\t\t<\/div>\n\t\t\t\t<div class=\"aux-parallax-section elementor-column elementor-col-33 elementor-inner-column elementor-element elementor-element-f6eaa13 aux-appear-watch-animation aux-fade-in-right-1\" data-id=\"f6eaa13\" data-element_type=\"column\">\n\t\t\t<div class=\"elementor-column-wrap elementor-element-populated\">\n\t\t\t\t\t\t\t<div class=\"elementor-widget-wrap\">\n\t\t\t\t\t\t<div class=\"elementor-element elementor-element-215d7710 elementor-widget elementor-widget-aux_modern_heading\" data-id=\"215d7710\" data-element_type=\"widget\" data-widget_type=\"aux_modern_heading.default\">\n\t\t\t\t<div class=\"elementor-widget-container\">\n\t\t\t<section class=\"aux-widget-modern-heading\">\n            <div class=\"aux-widget-inner\"><h2 class=\"aux-modern-heading-primary\">15 DIES DE DESESTIMENT\n<\/h2><div class=\"aux-modern-heading-description\"><p>Torneu el vostre producte si no satisf\u00e0 les vostres expectatives<\/p><\/div><\/div>\n        <\/section>\t\t<\/div>\n\t\t\t\t<\/div>\n\t\t\t\t\t\t<\/div>\n\t\t\t\t\t<\/div>\n\t\t<\/div>\n\t\t\t\t\t\t\t\t<\/div>\n\t\t\t\t\t<\/div>\n\t\t<\/section>\n\t\t\t\t\t\t<\/div>\n\t\t\t\t\t<\/div>\n\t\t<\/div>\n\t\t\t\t\t\t\t\t<\/div>\n\t\t\t\t\t<\/div>\n\t\t<\/section>\n\t\t\t\t\t\t\t\t\t<\/div>\n\t\t\t<\/div>\n\t\t\t\t\t<\/div>","protected":false},"excerpt":{"rendered":"<p>1 &#8211; 3 #ART\u00cdCULOS_PERSONALIZADOS TIENDA DE ROPA Y ART\u00cdCULOSPERSONALIZADOS EN SANT CELONI COMPRAR AHORA NOVEDADES Ideas inteligentes y \u00fanicas VER TODOS LOS PRODUCTOS PRODUCTOS PERSONALIZADOS CONS\u00daLTENOS \u00bfNecesita ropa laboral?\u00a0P\u00e1sate por VINTIU\u00bfNecesitas personalizar una camiseta con el logo de tu club?\u00a0\u00bfNecesitas hacer un regalito?\u00a0VINTIU, Tu tienda de proximidad. S\u00edguenos en Instagram @vintiu MEJOR OFERTA EN L\u00cdNEA [&hellip;]<\/p>","protected":false},"author":1,"featured_media":0,"parent":0,"menu_order":0,"comment_status":"closed","ping_status":"closed","template":"templates\/page-builder-content.php","meta":{"footnotes":""},"class_list":["post-76","page","type-page","status-publish","hentry"],"_links":{"self":[{"href":"https:\/\/persovintiu.com\/ca\/wp-json\/wp\/v2\/pages\/76","targetHints":{"allow":["GET"]}}],"collection":[{"href":"https:\/\/persovintiu.com\/ca\/wp-json\/wp\/v2\/pages"}],"about":[{"href":"https:\/\/persovintiu.com\/ca\/wp-json\/wp\/v2\/types\/page"}],"author":[{"embeddable":true,"href":"https:\/\/persovintiu.com\/ca\/wp-json\/wp\/v2\/users\/1"}],"replies":[{"embeddable":true,"href":"https:\/\/persovintiu.com\/ca\/wp-json\/wp\/v2\/comments?post=76"}],"version-history":[{"count":21,"href":"https:\/\/persovintiu.com\/ca\/wp-json\/wp\/v2\/pages\/76\/revisions"}],"predecessor-version":[{"id":308,"href":"https:\/\/persovintiu.com\/ca\/wp-json\/wp\/v2\/pages\/76\/revisions\/308"}],"wp:attachment":[{"href":"https:\/\/persovintiu.com\/ca\/wp-json\/wp\/v2\/media?parent=76"}],"curies":[{"name":"wp","href":"https:\/\/api.w.org\/{rel}","templated":true}]}}